{"id":12569,"date":"2022-10-10T12:08:48","date_gmt":"2022-10-10T10:08:48","guid":{"rendered":"https:\/\/mes.rebeat.com\/59917\/?page_id=12569"},"modified":"2025-09-09T17:02:12","modified_gmt":"2025-09-09T15:02:12","slug":"support","status":"publish","type":"page","link":"https:\/\/www.rebeat.com\/en\/support\/","title":{"rendered":"Support"},"content":{"rendered":"<div class=\"wpb-content-wrapper\"><p>[vc_row full_width=&#8221;stretch_row_content&#8221; full_height=&#8221;yes&#8221; columns_placement=&#8221;top&#8221; min_height=&#8221;60&#8243; min_height_units=&#8221;vh&#8221; parallax=&#8221;cesis_parallax&#8221; parallax_image=&#8221;14005&#8243; content_placement=&#8221;middle&#8221; css=&#8221;.vc_custom_1711716321940{margin-top: 0px !important;margin-right: 0px !important;margin-bottom: 0px !important;margin-left: 0px !important;border-top-width: 0px !important;border-right-width: 0px !important;border-bottom-width: 5px !important;border-left-width: 0px !important;padding-top: 10% !important;padding-right: 0px !important;padding-bottom: 10% !important;padding-left: 0px !important;}&#8221; el_class=&#8221;supportimg&#8221;][vc_column width=&#8221;3\/12&#8243; css=&#8221;.vc_custom_1664369012054{margin-top: 0px !important;border-top-width: 0px !important;padding-top: 0px !important;}&#8221;][\/vc_column][vc_column width=&#8221;1\/3&#8243;][\/vc_column][vc_column width=&#8221;1\/3&#8243;][vc_custom_heading text=&#8221;At Rebeat, personal support and customer satisfaction are top priorities.&#8221; font_container=&#8221;tag:h2|text_align:left|color:%23ffffff&#8221; text_resize=&#8221;yes&#8221; use_theme_fonts=&#8221;yes&#8221; css_animation=&#8221;fadeInUp&#8221; css=&#8221;.vc_custom_1675849166100{margin-top: 0px !important;border-top-width: 0px !important;border-bottom-width: 5px !important;padding-top: 40px !important;padding-right: 40px !important;padding-bottom: 40px !important;padding-left: 40px !important;background-color: rgba(0,130,240,0.8) !important;*background-color: rgb(0,130,240) !important;border-top-color: #fff03c !important;border-top-style: solid !important;border-bottom-color: #fff03c !important;border-bottom-style: solid !important;}&#8221;][\/vc_column][vc_column width=&#8221;1\/12&#8243;][\/vc_column][\/vc_row][vc_row][vc_column][vc_empty_space height=&#8221;50px&#8221;][\/vc_column][\/vc_row][vc_row][vc_column width=&#8221;1\/6&#8243;][\/vc_column][vc_column width=&#8221;2\/3&#8243;][vc_custom_heading text=&#8221;Our support&#8221; font_container=&#8221;tag:h1|text_align:left|color:%230082f0&#8243; use_theme_fonts=&#8221;yes&#8221;][vc_column_text]Occasionally it can happen that not everything runs smoothly, our customers appreciate the customer service hotline in German and English, which always strives to provide quick assistance.[\/vc_column_text][\/vc_column][vc_column width=&#8221;1\/6&#8243;][\/vc_column][\/vc_row][vc_row][vc_column][vc_empty_space height=&#8221;30px&#8221;][\/vc_column][\/vc_row][vc_row][vc_column width=&#8221;1\/6&#8243;][\/vc_column][vc_column width=&#8221;1\/3&#8243; css=&#8221;.vc_custom_1665999349778{margin-right: 0px !important;border-top-width: 0px !important;border-right-width: 0px !important;border-bottom-width: 0px !important;border-left-width: 0px !important;padding-right: 40px !important;padding-bottom: 30px !important;border-left-color: rgba(255,240,60,0.01) !important;border-right-color: rgba(255,240,60,0.01) !important;border-top-color: rgba(255,240,60,0.01) !important;border-bottom-color: rgba(255,240,60,0.01) !important;}&#8221;][vc_column_text]<\/p>\n<h3>Office hours<\/h3>\n<p>Monday-Thursday 09:00-15:00<br \/>\nand Friday 09:00-13:00<\/p>\n<p><em style=\"font-size: 14px;\">Central European Time (CEST)<\/em>[\/vc_column_text][vc_column_text css=&#8221;.vc_custom_1699341089043{border-top-width: 0px !important;border-bottom-width: 5px !important;border-left-width: 0px !important;padding-right: 0px !important;padding-bottom: 50px !important;border-left-color: #fff03c !important;border-left-style: solid !important;border-top-color: #fff03c !important;border-top-style: solid !important;border-bottom-color: #fff03c !important;border-bottom-style: solid !important;}&#8221;]Phone number<br \/>\n0043\u20022272\u200261892-0[\/vc_column_text][vc_empty_space height=&#8221;20px&#8221;][vc_column_text]The office is closed on the following holidays:[\/vc_column_text][vc_row_inner][vc_column_inner][cesis_icon_paragraph i_size=&#8221;15&#8243; i_space=&#8221;15&#8243; heading=&#8221;8. December 2025 (Mon)&#8221; heading_space=&#8221;10&#8243; text=&#8221;&#8221; text_space=&#8221;10&#8243; icon_color=&#8221;#000000&#8243; h_icon_color=&#8221;#000000&#8243; icon=&#8221;fa-hand-o-right&#8221;][\/cesis_icon_paragraph][cesis_icon_paragraph i_size=&#8221;15&#8243; i_space=&#8221;15&#8243; heading=&#8221;25. December 2025 (Thurs)&#8221; heading_space=&#8221;10&#8243; text=&#8221;&#8221; text_space=&#8221;10&#8243; icon_color=&#8221;#000000&#8243; h_icon_color=&#8221;#000000&#8243; icon=&#8221;fa-hand-o-right&#8221;][\/cesis_icon_paragraph][cesis_icon_paragraph i_size=&#8221;15&#8243; i_space=&#8221;15&#8243; heading=&#8221;26. December 2025 (Fri)&#8221; heading_space=&#8221;10&#8243; text=&#8221;&#8221; text_space=&#8221;10&#8243; icon_color=&#8221;#000000&#8243; h_icon_color=&#8221;#000000&#8243; icon=&#8221;fa-hand-o-right&#8221;][\/cesis_icon_paragraph][cesis_icon_paragraph i_size=&#8221;15&#8243; i_space=&#8221;15&#8243; heading=&#8221;1. January 2026 (Thurs)&#8221; heading_space=&#8221;10&#8243; text=&#8221;&#8221; text_space=&#8221;10&#8243; icon_color=&#8221;#000000&#8243; h_icon_color=&#8221;#000000&#8243; icon=&#8221;fa-hand-o-right&#8221;][\/cesis_icon_paragraph][cesis_icon_paragraph i_size=&#8221;15&#8243; i_space=&#8221;15&#8243; heading=&#8221;6. January 2026 (Tues)&#8221; heading_space=&#8221;10&#8243; text=&#8221;&#8221; text_space=&#8221;10&#8243; icon_color=&#8221;#000000&#8243; h_icon_color=&#8221;#000000&#8243; icon=&#8221;fa-hand-o-right&#8221;][\/cesis_icon_paragraph][\/vc_column_inner][\/vc_row_inner][vc_empty_space height=&#8221;50px&#8221; css=&#8221;.vc_custom_1738923999930{border-top-width: 0px !important;border-right-width: 0px !important;border-bottom-width: 5px !important;border-left-width: 0px !important;border-left-color: #fff03c !important;border-left-style: solid !important;border-right-color: #fff03c !important;border-right-style: solid !important;border-top-color: #fff03c !important;border-top-style: solid !important;border-bottom-color: #fff03c !important;border-bottom-style: solid !important;}&#8221;][\/vc_column][vc_column width=&#8221;1\/3&#8243; css=&#8221;.vc_custom_1695728963163{padding-top: 20px !important;padding-right: 20px !important;padding-bottom: 20px !important;padding-left: 40px !important;background-color: #ededed !important;}&#8221;][vc_column_text]<\/p>\n<h3>Service inquiry<\/h3>\n<div class=\"wpb_text_column wpb_content_element cesis_text_transform_none \">\n<div class=\"wpb_wrapper\">\n<p>You can use this form for your support request. If you have problems with products\/tracks\/videos, please enter the respective EAN\/ISRC\/URL.\u00a0Then we can help you better and faster.<\/p>\n<p>&nbsp;<\/p>\n<\/div>\n<div class=\"frm_forms  with_frm_style frm_style_formidable-style\" id=\"frm_form_2_container\" data-token=\"03187989d9a80e4abccec0f540a5737e\">\n<form enctype=\"multipart\/form-data\" method=\"post\" class=\"frm-show-form \" id=\"form_supformen\" data-token=\"03187989d9a80e4abccec0f540a5737e\">\n<div class=\"frm_form_fields \">\n<fieldset>\n<legend class=\"frm_screen_reader\">Support Form<\/legend>\r\n\r\n<div class=\"frm_fields_container\">\n<input type=\"hidden\" name=\"frm_action\" value=\"create\" \/>\n<input type=\"hidden\" name=\"form_id\" value=\"2\" \/>\n<input type=\"hidden\" name=\"frm_hide_fields_2\" id=\"frm_hide_fields_2\" value=\"\" \/>\n<input type=\"hidden\" name=\"form_key\" value=\"supformen\" \/>\n<input type=\"hidden\" name=\"item_meta[0]\" value=\"\" \/>\n<input type=\"hidden\" id=\"frm_submit_entry_2\" name=\"frm_submit_entry_2\" value=\"6942de7b3d\" \/><input type=\"hidden\" name=\"_wp_http_referer\" value=\"\/en\/wp-json\/wp\/v2\/pages\/12569\" \/><div id=\"frm_field_6_container\" class=\"frm_form_field form-field  frm_required_field frm_top_container\">\r\n    <label for=\"field_eo05\" id=\"field_eo05_label\" class=\"frm_primary_label\">Name\r\n        <span class=\"frm_required\" aria-hidden=\"true\">*<\/span>\r\n    <\/label>\r\n    <input type=\"text\" id=\"field_eo05\" name=\"item_meta[6]\" value=\"\"  data-reqmsg=\"Name cannot be blank.\" aria-required=\"true\" data-invmsg=\"Text is invalid\" aria-invalid=\"false\"  \/>\r\n    \r\n    \r\n<\/div>\n<div id=\"frm_field_7_container\" class=\"frm_form_field form-field  frm_required_field frm_top_container\">\r\n    <label for=\"field_23by3\" id=\"field_23by3_label\" class=\"frm_primary_label\">Email\r\n        <span class=\"frm_required\" aria-hidden=\"true\">*<\/span>\r\n    <\/label>\r\n    <input type=\"email\" id=\"field_23by3\" name=\"item_meta[7]\" value=\"\"  data-reqmsg=\"Email cannot be blank.\" aria-required=\"true\" data-invmsg=\"Email is invalid\" aria-invalid=\"false\"  \/>\r\n    \r\n    \r\n<\/div>\n<div id=\"frm_field_43_container\" class=\"frm_form_field form-field  frm_required_field frm_top_container\">\r\n    <label for=\"field_4ydk6\" id=\"field_4ydk6_label\" class=\"frm_primary_label\">Subject\r\n        <span class=\"frm_required\" aria-hidden=\"true\">*<\/span>\r\n    <\/label>\r\n    <input type=\"text\" id=\"field_4ydk6\" name=\"item_meta[43]\" value=\"\"  maxlength=\"100\" data-reqmsg=\"Subject cannot be blank.\" aria-required=\"true\" data-invmsg=\"Subject is invalid\" aria-invalid=\"false\"  \/>\r\n    \r\n    \r\n<\/div>\n<div id=\"frm_field_8_container\" class=\"frm_form_field form-field  frm_required_field frm_top_container\">\r\n    <label for=\"field_5kid0\" id=\"field_5kid0_label\" class=\"frm_primary_label\">Your message\r\n        <span class=\"frm_required\" aria-hidden=\"true\">*<\/span>\r\n    <\/label>\r\n    <textarea name=\"item_meta[8]\" id=\"field_5kid0\" rows=\"5\"  placeholder=\"What can we do for you?\" data-reqmsg=\"Your message cannot be blank.\" aria-required=\"true\" data-invmsg=\"Your message is invalid\" aria-invalid=\"false\"  ><\/textarea>\r\n    \r\n    \r\n<\/div>\n<div id=\"frm_field_47_container\" class=\"frm_form_field form-field  frm_none_container\">\r\n    <label for=\"g-recaptcha-response\" id=\"field_ngwbe_label\" class=\"frm_primary_label\">Captcha\r\n        <span class=\"frm_required\" aria-hidden=\"true\"><\/span>\r\n    <\/label>\r\n    <div  id=\"field_ngwbe\" class=\"frm-g-recaptcha\" data-sitekey=\"6Le88J4UAAAAAGhoVFY656Tud2_RjF7miRXkPBE_\" data-size=\"invisible\" data-theme=\"light\"><\/div>\r\n    \r\n    \r\n<\/div>\n\t<input type=\"hidden\" name=\"item_key\" value=\"\" \/>\n\t\t\t<div id=\"frm_field_50_container\">\n\t\t\t<label for=\"field_zyzjk\" >\n\t\t\t\tIf you are human, leave this field blank.\t\t\t<\/label>\n\t\t\t<input  id=\"field_zyzjk\" type=\"text\" class=\"frm_form_field form-field frm_verify\" name=\"item_meta[50]\" value=\"\"  \/>\n\t\t<\/div>\n\t\t<input name=\"frm_state\" type=\"hidden\" value=\"gik+fNU4lBB7DlKIlKuXQsL8kCUyhmQcIj5W2ivJU1Y=\" \/><div class=\"frm_submit\">\r\n\r\n<button class=\"frm_button_submit\" type=\"submit\"  >Submit<\/button>\r\n\r\n\r\n<\/div><\/div>\n<\/fieldset>\n<\/div>\n\n<\/form>\n<\/div>\n\n<\/div>\n<p>[\/vc_column_text][\/vc_column][vc_column width=&#8221;1\/6&#8243;][\/vc_column][\/vc_row][vc_row][vc_column][vc_empty_space height=&#8221;100px&#8221;][\/vc_column][\/vc_row][vc_row][vc_column width=&#8221;1\/6&#8243;][\/vc_column][vc_column width=&#8221;1\/3&#8243; css=&#8221;.vc_custom_1665473430384{margin-right: 40px !important;padding-right: 40px !important;}&#8221;][vc_column_text]A detailed description of all functions of our MES can be found in the manual. There is also a FAQ below with answers to the most frequently asked questions.[\/vc_column_text][cesis_button button_text=&#8221;Manual (pdf)&#8221; link=&#8221;http:\/\/www.rebeat.com\/wp-content\/uploads\/manuals\/manual_english.pdf&#8221; target=&#8221;_blank&#8221; button_l_spacing=&#8221;2&#8243;][vc_empty_space height=&#8221;20px&#8221;][\/vc_column][vc_column width=&#8221;1\/3&#8243;][vc_column_text]Here you can find all downloads: YouTube tutorials, manuals, sample contracts, etc.[\/vc_column_text][cesis_button button_text=&#8221;To the downloads&#8221; link=&#8221;http:\/\/www.rebeat.com\/en\/downloads&#8221; button_l_spacing=&#8221;2&#8243;][vc_empty_space height=&#8221;20px&#8221;][\/vc_column][vc_column width=&#8221;1\/6&#8243;][\/vc_column][\/vc_row][vc_row][vc_column][vc_empty_space height=&#8221;100px&#8221;][\/vc_column][\/vc_row][vc_row full_width=&#8221;stretch_row_content&#8221; min_height=&#8221;60&#8243; min_height_units=&#8221;vh&#8221; parallax=&#8221;cesis_parallax&#8221; parallax_image=&#8221;13937&#8243; content_placement=&#8221;middle&#8221;][vc_column width=&#8221;1\/4&#8243;][\/vc_column][vc_column width=&#8221;1\/2&#8243; css=&#8221;.vc_custom_1675340463114{border-bottom-width: 5px !important;padding-top: 5% !important;padding-right: 5% !important;padding-bottom: 4% !important;padding-left: 5% !important;background-color: rgba(0,130,240,0.82) !important;*background-color: rgb(0,130,240) !important;border-bottom-color: #fff03c !important;border-bottom-style: solid !important;}&#8221;][vc_column_text el_class=&#8221;white&#8221;]<\/p>\n<h2>Do you have questions about Rebeat Digital, the digital music distribution or the DSPs? Click here to go to the <a href=\"https:\/\/www.rebeat.com\/en\/faq\/\">FAQ section<\/a>.<\/h2>\n<p>[\/vc_column_text][\/vc_column][vc_column width=&#8221;1\/4&#8243;][\/vc_column][\/vc_row][vc_row][vc_column][vc_empty_space height=&#8221;50px&#8221;][\/vc_column][\/vc_row][vc_row][vc_column][vc_wp_custommenu nav_menu=&#8221;14&#8243; el_id=&#8221;linkbuttons&#8221; title=&#8221;You may also be interested in&#8221;][\/vc_column][\/vc_row][vc_row][vc_column][vc_empty_space height=&#8221;200px&#8221;][\/vc_column][\/vc_row][vc_row el_class=&#8221;langMenueRel&#8221;][vc_column][vc_column_text letter_spacing=&#8221;&#8221; el_class=&#8221;langMenue&#8221;]<strong><a href=\"https:\/\/www.rebeat.com\/support\/\">DE <\/a>| <\/strong><a href=\"https:\/\/www.rebeat.com\/en\/support\/\"><strong>EN<\/strong><\/a>[\/vc_column_text][\/vc_column][\/vc_row]<\/p>\n<\/div>","protected":false},"excerpt":{"rendered":"<p>[vc_row full_width=&#8221;stretch_row_content&#8221; full_height=&#8221;yes&#8221; columns_placement=&#8221;top&#8221; min_height=&#8221;60&#8243; min_height_units=&#8221;vh&#8221; parallax=&#8221;cesis_parallax&#8221; parallax_image=&#8221;14005&#8243; content_placement=&#8221;middle&#8221; css=&#8221;.vc_custom_1711716321940{margin-top: 0px !important;margin-right: 0px !important;margin-bottom: 0px !important;margin-left: 0px !important;border-top-width: 0px !important;border-right-width: 0px !important;border-bottom-width: 5px !important;border-left-width: 0px !important;padding-top: 10% !important;padding-right: 0px !important;padding-bottom: 10% !important;padding-left: 0px !important;}&#8221; el_class=&#8221;supportimg&#8221;][vc_column width=&#8221;3\/12&#8243; css=&#8221;.vc_custom_1664369012054{margin-top: 0px !important;border-top-width: 0px !important;padding-top: 0px !important;}&#8221;][\/vc_column][vc_column width=&#8221;1\/3&#8243;][\/vc_column][vc_column width=&#8221;1\/3&#8243;][vc_custom_heading text=&#8221;At Rebeat, personal support and customer satisfaction are top priorities.&#8221; [&hellip;]<\/p>\n","protected":false},"author":1,"featured_media":0,"parent":0,"menu_order":2,"comment_status":"closed","ping_status":"closed","template":"","meta":{"om_disable_all_campaigns":false,"_monsterinsights_skip_tracking":false,"_monsterinsights_sitenote_active":false,"_monsterinsights_sitenote_note":"","_monsterinsights_sitenote_category":0,"footnotes":""},"class_list":["post-12569","page","type-page","status-publish","hentry"],"yoast_head":"<!-- This site is optimized with the Yoast SEO plugin v27.1.1 - https:\/\/yoast.com\/product\/yoast-seo-wordpress\/ -->\n<title>Support Rebeat - Digitaler Musikvertrieb - Kontakt &amp; Manual<\/title>\n<meta name=\"description\" content=\"Rebeat ist f\u00fcr Dich da! Hier findest Du Kontakt, B\u00fcrozeiten, das Manual f\u00fcr die Music Enterprise Software, FAQ u.v.m.\" \/>\n<meta name=\"robots\" content=\"index, follow, max-snippet:-1, max-image-preview:large, max-video-preview:-1\" \/>\n<link rel=\"canonical\" href=\"https:\/\/www.rebeat.com\/en\/support\/\" \/>\n<meta property=\"og:locale\" content=\"en_US\" \/>\n<meta property=\"og:type\" content=\"article\" \/>\n<meta property=\"og:title\" content=\"Support Rebeat - Digitaler Musikvertrieb - Kontakt &amp; Manual\" \/>\n<meta property=\"og:description\" content=\"Rebeat ist f\u00fcr Dich da! Hier findest Du Kontakt, B\u00fcrozeiten, das Manual f\u00fcr die Music Enterprise Software, FAQ u.v.m.\" \/>\n<meta property=\"og:url\" content=\"https:\/\/www.rebeat.com\/en\/support\/\" \/>\n<meta property=\"og:site_name\" content=\"Rebeat Digital EN\" \/>\n<meta property=\"article:modified_time\" content=\"2025-09-09T15:02:12+00:00\" \/>\n<meta name=\"twitter:card\" content=\"summary_large_image\" \/>\n<meta name=\"twitter:label1\" content=\"Est. reading time\" \/>\n\t<meta name=\"twitter:data1\" content=\"3 minutes\" \/>\n<script type=\"application\/ld+json\" class=\"yoast-schema-graph\">{\"@context\":\"https:\/\/schema.org\",\"@graph\":[{\"@type\":\"WebPage\",\"@id\":\"https:\/\/www.rebeat.com\/en\/support\/\",\"url\":\"https:\/\/www.rebeat.com\/en\/support\/\",\"name\":\"Support Rebeat - Digitaler Musikvertrieb - Kontakt & Manual\",\"isPartOf\":{\"@id\":\"https:\/\/www.rebeat.com\/en\/#website\"},\"datePublished\":\"2022-10-10T10:08:48+00:00\",\"dateModified\":\"2025-09-09T15:02:12+00:00\",\"description\":\"Rebeat ist f\u00fcr Dich da! Hier findest Du Kontakt, B\u00fcrozeiten, das Manual f\u00fcr die Music Enterprise Software, FAQ u.v.m.\",\"breadcrumb\":{\"@id\":\"https:\/\/www.rebeat.com\/en\/support\/#breadcrumb\"},\"inLanguage\":\"en-US\",\"potentialAction\":[{\"@type\":\"ReadAction\",\"target\":[\"https:\/\/www.rebeat.com\/en\/support\/\"]}]},{\"@type\":\"BreadcrumbList\",\"@id\":\"https:\/\/www.rebeat.com\/en\/support\/#breadcrumb\",\"itemListElement\":[{\"@type\":\"ListItem\",\"position\":1,\"name\":\"Startseite\",\"item\":\"https:\/\/www.rebeat.com\/en\/\"},{\"@type\":\"ListItem\",\"position\":2,\"name\":\"Support\"}]},{\"@type\":\"WebSite\",\"@id\":\"https:\/\/www.rebeat.com\/en\/#website\",\"url\":\"https:\/\/www.rebeat.com\/en\/\",\"name\":\"Rebeat Digital EN\",\"description\":\"Digital Music Distribution &amp; Label Accounting\",\"potentialAction\":[{\"@type\":\"SearchAction\",\"target\":{\"@type\":\"EntryPoint\",\"urlTemplate\":\"https:\/\/www.rebeat.com\/en\/?s={search_term_string}\"},\"query-input\":{\"@type\":\"PropertyValueSpecification\",\"valueRequired\":true,\"valueName\":\"search_term_string\"}}],\"inLanguage\":\"en-US\"}]}<\/script>\n<!-- \/ Yoast SEO plugin. -->","yoast_head_json":{"title":"Support Rebeat - Digitaler Musikvertrieb - Kontakt & Manual","description":"Rebeat ist f\u00fcr Dich da! Hier findest Du Kontakt, B\u00fcrozeiten, das Manual f\u00fcr die Music Enterprise Software, FAQ u.v.m.","robots":{"index":"index","follow":"follow","max-snippet":"max-snippet:-1","max-image-preview":"max-image-preview:large","max-video-preview":"max-video-preview:-1"},"canonical":"https:\/\/www.rebeat.com\/en\/support\/","og_locale":"en_US","og_type":"article","og_title":"Support Rebeat - Digitaler Musikvertrieb - Kontakt & Manual","og_description":"Rebeat ist f\u00fcr Dich da! Hier findest Du Kontakt, B\u00fcrozeiten, das Manual f\u00fcr die Music Enterprise Software, FAQ u.v.m.","og_url":"https:\/\/www.rebeat.com\/en\/support\/","og_site_name":"Rebeat Digital EN","article_modified_time":"2025-09-09T15:02:12+00:00","twitter_card":"summary_large_image","twitter_misc":{"Est. reading time":"3 minutes"},"schema":{"@context":"https:\/\/schema.org","@graph":[{"@type":"WebPage","@id":"https:\/\/www.rebeat.com\/en\/support\/","url":"https:\/\/www.rebeat.com\/en\/support\/","name":"Support Rebeat - Digitaler Musikvertrieb - Kontakt & Manual","isPartOf":{"@id":"https:\/\/www.rebeat.com\/en\/#website"},"datePublished":"2022-10-10T10:08:48+00:00","dateModified":"2025-09-09T15:02:12+00:00","description":"Rebeat ist f\u00fcr Dich da! Hier findest Du Kontakt, B\u00fcrozeiten, das Manual f\u00fcr die Music Enterprise Software, FAQ u.v.m.","breadcrumb":{"@id":"https:\/\/www.rebeat.com\/en\/support\/#breadcrumb"},"inLanguage":"en-US","potentialAction":[{"@type":"ReadAction","target":["https:\/\/www.rebeat.com\/en\/support\/"]}]},{"@type":"BreadcrumbList","@id":"https:\/\/www.rebeat.com\/en\/support\/#breadcrumb","itemListElement":[{"@type":"ListItem","position":1,"name":"Startseite","item":"https:\/\/www.rebeat.com\/en\/"},{"@type":"ListItem","position":2,"name":"Support"}]},{"@type":"WebSite","@id":"https:\/\/www.rebeat.com\/en\/#website","url":"https:\/\/www.rebeat.com\/en\/","name":"Rebeat Digital EN","description":"Digital Music Distribution &amp; Label Accounting","potentialAction":[{"@type":"SearchAction","target":{"@type":"EntryPoint","urlTemplate":"https:\/\/www.rebeat.com\/en\/?s={search_term_string}"},"query-input":{"@type":"PropertyValueSpecification","valueRequired":true,"valueName":"search_term_string"}}],"inLanguage":"en-US"}]}},"_links":{"self":[{"href":"https:\/\/www.rebeat.com\/en\/wp-json\/wp\/v2\/pages\/12569","targetHints":{"allow":["GET"]}}],"collection":[{"href":"https:\/\/www.rebeat.com\/en\/wp-json\/wp\/v2\/pages"}],"about":[{"href":"https:\/\/www.rebeat.com\/en\/wp-json\/wp\/v2\/types\/page"}],"author":[{"embeddable":true,"href":"https:\/\/www.rebeat.com\/en\/wp-json\/wp\/v2\/users\/1"}],"replies":[{"embeddable":true,"href":"https:\/\/www.rebeat.com\/en\/wp-json\/wp\/v2\/comments?post=12569"}],"version-history":[{"count":5,"href":"https:\/\/www.rebeat.com\/en\/wp-json\/wp\/v2\/pages\/12569\/revisions"}],"predecessor-version":[{"id":14636,"href":"https:\/\/www.rebeat.com\/en\/wp-json\/wp\/v2\/pages\/12569\/revisions\/14636"}],"wp:attachment":[{"href":"https:\/\/www.rebeat.com\/en\/wp-json\/wp\/v2\/media?parent=12569"}],"curies":[{"name":"wp","href":"https:\/\/api.w.org\/{rel}","templated":true}]}}